{"id":435,"date":"2023-11-15T14:01:35","date_gmt":"2023-11-15T13:01:35","guid":{"rendered":"http:\/\/fundacjarodzin.pl\/dom\/?page_id=435"},"modified":"2023-11-21T07:28:28","modified_gmt":"2023-11-21T06:28:28","slug":"betalingsvoorwaarden","status":"publish","type":"page","link":"http:\/\/fundacjarodzin.pl\/dom\/nl\/betalingsvoorwaarden\/","title":{"rendered":"Betalingsvoorwaarden"},"content":{"rendered":"<p><div class=\"fusion-fullwidth fullwidth-box fusion-builder-row-1 fusion-flex-container has-pattern-background has-mask-background nonhundred-percent-fullwidth non-hundred-percent-height-scrolling\" style=\"--awb-border-radius-top-left:0px;--awb-border-radius-top-right:0px;--awb-border-radius-bottom-right:0px;--awb-border-radius-bottom-left:0px;--awb-min-height:50vh;--awb-background-color:var(--awb-color5);--awb-flex-wrap:wrap;\" ><div class=\"fusion-builder-row fusion-row fusion-flex-align-items-flex-start fusion-flex-content-wrap\" style=\"max-width:1248px;margin-left: calc(-4% \/ 2 );margin-right: calc(-4% \/ 2 );\"><div class=\"fusion-layout-column fusion_builder_column fusion-builder-column-0 fusion_builder_column_1_1 1_1 fusion-flex-column fusion-flex-align-self-stretch\" style=\"--awb-padding-top:120px;--awb-bg-size:cover;--awb-width-large:100%;--awb-margin-top-large:0px;--awb-spacing-right-large:1.92%;--awb-margin-bottom-large:20px;--awb-spacing-left-large:1.92%;--awb-width-medium:100%;--awb-order-medium:0;--awb-spacing-right-medium:1.92%;--awb-spacing-left-medium:1.92%;--awb-width-small:100%;--awb-order-small:0;--awb-spacing-right-small:1.92%;--awb-spacing-left-small:1.92%;\"><div class=\"fusion-column-wrapper fusion-column-has-shadow fusion-flex-justify-content-center fusion-content-layout-column\"><div class=\"fusion-title title fusion-title-1 fusion-sep-none fusion-title-center fusion-title-text fusion-title-size-one\" style=\"--awb-text-color:var(--awb-color1);\"><h1 class=\"fusion-title-heading title-heading-center fusion-responsive-typography-calculated\" style=\"margin:0;--fontSize:64;line-height:var(--awb-typography1-line-height);\">Betalingsvoorwaarden Stichting voor Poolse Gezinnen<\/h1><\/div><\/div><\/div><\/div><\/div><div class=\"fusion-fullwidth fullwidth-box fusion-builder-row-2 fusion-flex-container nonhundred-percent-fullwidth non-hundred-percent-height-scrolling\" style=\"--awb-border-radius-top-left:0px;--awb-border-radius-top-right:0px;--awb-border-radius-bottom-right:0px;--awb-border-radius-bottom-left:0px;--awb-padding-top:50px;--awb-padding-bottom:50px;--awb-flex-wrap:wrap;\" ><div class=\"fusion-builder-row fusion-row fusion-flex-align-items-flex-start fusion-flex-content-wrap\" style=\"max-width:1248px;margin-left: calc(-4% \/ 2 );margin-right: calc(-4% \/ 2 );\"><div class=\"fusion-layout-column fusion_builder_column fusion-builder-column-1 fusion_builder_column_1_1 1_1 fusion-flex-column\" style=\"--awb-bg-blend:overlay;--awb-bg-size:cover;--awb-width-large:100%;--awb-margin-top-large:0px;--awb-spacing-right-large:1.92%;--awb-margin-bottom-large:0px;--awb-spacing-left-large:1.92%;--awb-width-medium:100%;--awb-spacing-right-medium:1.92%;--awb-spacing-left-medium:1.92%;--awb-width-small:100%;--awb-spacing-right-small:1.92%;--awb-spacing-left-small:1.92%;\"><div class=\"fusion-column-wrapper fusion-flex-justify-content-flex-start fusion-content-layout-column\"><div class=\"fusion-text fusion-text-1\" style=\"--awb-content-alignment:left;\"><p><strong>\u00a71.<\/strong><br \/><strong>Definities<\/strong><\/p>\n<p>1. Het portaal &#8211; d.w.z. de website met al zijn functionaliteiten. <br \/>2. De organisatie \u2013 de dienstverlener in de zin van de wet van 18 juli 2002 betreffende de levering van diensten via elektronische middelen, te weten de Stichting voor Poolse Gezinnen \u201cH. Johannes Paulus II\u201d, KRS-nummer: 0000386878, REGON-nummer: 241953348, fiscaal nummer (NIP): 6272724057 die donaties aanvaardt door gebruik te maken van de diensten van een financi\u00eble dienstverlener met het oog op statutaire doeleinden. <br \/>3. De Algemene Voorwaarden \u2013 deze voorwaarden. <br \/>4. De gebruiker \u2013 een natuurlijke of rechtspersoon die gebruik maakt van de diensten die via het portaal worden aangeboden of die via het portaal een donatie doet aan de Organisatie met behulp van de diensten van een financi\u00eble dienstverlener (na de donatie &#8222;Donateur&#8221; genoemd). <br \/>5. Financi\u00eble dienstverlener \u2013 Tpay <br \/>6. Donatie \u2013 geldmiddelen die door de Gebruiker worden gegeven ten behoeve van specifieke doeleinden van de Organisatie. <br \/>7. Donateur \u2013 Een gebruiker die en donatie heeft gedaan.<\/p>\n<p><strong>\u00a72.<\/strong><br \/><strong>Algemene Bepalingen<\/strong><\/p>\n<p>1. Het portaal dient om fondsen te werven voor de statutaire doeleinden van de Organisatie en om te communiceren met donateurs en andere gebruikers. <br \/>2. Alvorens gebruik te maken van het portaal, is de gebruiker verplicht de Algemene Voorwaarden te lezen, en het gebruik van het portaal staat gelijk aan aanvaarding van de inhoud van de Algemene Voorwaarden. <br \/>3. De gebruiker is verplicht de bepalingen uit de Algemene Voorwaarden na te leven. <br \/>4. De organisatie stelt de Algemene Voorwaarden voorafgaand aan het sluiten van de overeenkomst voor elektronische dienstverlening ter beschikking aan de gebruikers (hetgeen inhoudt het beschikbaar stellen van de mogelijkheid om gebruik te maken van het portaal), door de Algemene Voorwaarden op zodanige wijze op de website te plaatsen dat iedereen ze op een door hem gekozen plaats en tijdstip kan raadplegen en als elektronische versie kan downloaden en opslaan. Toegang tot de Algemene Voorwaarden kan vereisen dat de gebruiker beschikt over hardware en software met specifieke instellingen (bijv. software om doc., docx, pdf. formaat te lezen).<\/p>\n<p><strong>\u00a73.<\/strong><br \/><strong>Donatie<\/strong><\/p>\n<p>1. Door geld over te maken aan de organisatie doet de gebruiker een donatie, d.w.z. een rechtshandeling die wordt gereguleerd door artikel 888 van het Burgerlijk Wetboek. Deze overeenkomst bestaat uit de overdracht aan de begiftigde organisatie van een gratis geldelijke uitkering ten koste van het vermogen van de donateur. <br \/>2. De overdracht van geldmiddelen resulteert in de vervulling van de voorwaarden van artikel 890 \u00a71, tweede zin, van het Burgerlijk Wetboek, wat betekent dat de schenking van deze geldmiddelen geldig en effectief is ondanks het niet vervullen van de vorm van de notari\u00eble akte waarin deze bepaling voorziet.<\/p>\n<p><strong>\u00a74.<\/strong><br \/><strong>Technische vereisten<\/strong><\/p>\n<p>Voor de effectieve levering van diensten via het portaal dient de gebruiker aan de volgende eisen te voldoen: <br \/>\u2022 in het bezit zijn van een apparaat dat toegang biedt tot het internet, toegang hebben tot het internet, <br \/>\u2022 een webbrowser gebruiken met instellingen die een correcte weergave van de website mogelijk maken en die cookies accepteert <br \/>\u2022 een actief e-mailadres bezitten. Indien de technische vereisten waarnaar in de voorgaande paragrafen wordt verwezen, kosten met zich meebrengen, komen deze voor rekening van de gebruiker.<\/p>\n<p><strong>\u00a75.<\/strong><br \/><strong>Sluiting van de overeenkomst<\/strong><\/p>\n<p>1. De overeenkomst wordt gesloten zodra u de functionaliteiten van het portaal gaat gebruiken. <br \/>2. Voor de uitvoering van de overeenkomst kan het noodzakelijk zijn dat de gebruiker een account heeft bij de financi\u00eble dienstverlener.<br \/>3. Het aangaan van de overeenkomst is vrijwillig. <br \/>4. De organisatie levert via het portaal en op basis van deze voorwaarden een dienst die bestaat uit het mogelijk maken om &#8211; door gebruik te maken van de diensten van de financi\u00eble dienstverlener &#8211; aan de organisatie een donatie te doen. <br \/>5. De organisatie zal geen provisies of aanvullende vergoedingen in rekening brengen aan de gebruikers, hetgeen de mogelijkheid van inning daarvan door de financi\u00eble dienstverlener niet uitsluit.<\/p>\n<p><strong>\u00a76.<\/strong><br \/><strong>Waarschuwingen<\/strong><\/p>\n<p>De organisatie waarschuwt voor de gevaren die verbonden zijn aan het aanbieden van elektronische diensten; aanvallen op dergelijke portalen komen helaas steeds vaker voor in het kader van internetcriminaliteit. De organisatie zal haar best doen om de gebruikers te beschermen tegen dergelijke aanvallen, maar roept op tot voorzichtigheid, het gebruik van gezond verstand en roept op om alle opmerkingen en vermoedens ten aanzien van de veiligheid van de geleverde diensten te melden.<\/p>\n<p><strong>\u00a77.<\/strong><br \/><strong>Bescherming van persoonsgegevens<\/strong><\/p>\n<p>1. De organisatie is de beheerder van de persoonsgegevens van de gebruikers. Het verstrekken van persoonsgegevens is volledig vrijwillig, maar noodzakelijk voor het gebruik van alle functionaliteiten van het portaal, waaronder in het bijzonder de uitvoering van de donatie. <br \/>2. Voor zaken betreffende persoonsgegevens kan met de organisatie contact worden opgenomen via het e-mailadres: kontakt@fundacjarodzin.pl. Persoonsgegevens worden voor de volgende doeleinden verwerkt: <br \/>\u2022 het afhandelen van het donatieproces, <br \/>\u2022 contact met u op te nemen om u te informeren over de voortgang van de inzameling en om u te bedanken en nieuwsbrieven te sturen. <br \/>3. De rechtsgrondslag voor de verwerking van persoonsgegevens is artikel 6, lid 1, onder b), c) en f), van Verordening (EU) 2016\/679 van het Europees Parlement en de Raad van 27 april 2016, betreffende de bescherming van natuurlijke personen in verband met de verwerking van persoonsgegevens en betreffende het vrije verkeer van die gegevens, die het mogelijk maakt om gegevens te verwerken voor de uitvoering van een overeenkomst of om op verzoek van de betrokkene stappen te ondernemen voorafgaand aan het sluiten van een overeenkomst; en wanneer de beheerder verplicht is om te voldoen aan een wettelijke verplichting die op hem rust, of wanneer er een legitiem belang van de beheerder achter zit &#8211; wij beschouwen dit als het opbouwen van een relatie met gebruikers door hen op betrouwbare wijze te informeren over de voortgang van de inzameling en door het overbrengen van dankbetuigingen, evenals het opslaan van gegevens voor de bescherming tegen of het uitoefenen van claims.<\/p>\n<p>De volgende gegevens worden verwerkt:<\/p>\n<p>1. naam, achternaam en e-mailadres van de gebruiker; <br \/>2. door de dienst van de financi\u00eble dienstverlener overgedragen gegevens in verband met de betaling van het donatiebedrag op de rekening van de dienstverlener; <br \/>3. adresgegevens (indien gedeeld door de gebruiker). <br \/>4. De persoonlijke gegevens van gebruikers kunnen worden gedeeld met andere entiteiten (waaronder internationale organisaties) of worden doorgegeven buiten de Europese Economische Ruimte. <br \/>5. De persoonsgegevens van gebruikers worden voor een periode van 5 jaar bewaard, maar kunnen langer worden bewaard als dit gerechtvaardigd is om te beschermen tegen claims. <br \/>6. De gebruiker heeft het recht om toegang te krijgen tot zijn persoonlijke gegevens, om het toepassingsgebied (beperking) van de verwerking te corrigeren, te wissen of te wijzigen, en om zijn toestemming voor de verwerking in te trekken. Het intrekken van toestemming en het verzoek om verwijdering van gegevens kan worden gedaan via het e-mailadres: kontakt@fundacjarodzin.pl <br \/>7. Het intrekken van de toestemming en het verzoek tot verwijdering van gegevens impliceert de be\u00ebindiging van de overeenkomst inzake elektronische diensten tussen de gebruiker en de organisatie. Indien een verzoek tot verwijdering of intrekking van toestemming wordt gedaan, is de organisatie verplicht onverwijld aan het verzoek te voldoen. <br \/>8. De beheerder zal de gegevens niet op geautomatiseerde wijze verwerken of profilering uitvoeren. <br \/>9. De gebruiker heeft het recht om een klacht in te dienen bij de toezichthoudende autoriteit, zijnde de voorzitter van de Gegevensbeschermingsautoriteit, met als zetel: Stawki 2, 00-193 Warschau.<\/p>\n<p><strong>\u00a78.<\/strong><br \/><strong>Klachten<\/strong><\/p>\n<p>1. De gebruiker heeft het recht om een klacht in te dienen op het e-mailadres: kontakt@fundacjarodzin.pl <br \/>2. De organisatie zal uiterlijk binnen 14 dagen reageren op de klacht door te antwoorden op het adres waarvandaan de klacht is verzonden.<\/p>\n<p><strong>\u00a79.<\/strong><br \/><strong>Wijzigingen in de Algemene Voorwaarden<\/strong><\/p>\n<p>1. De organisatie heeft het recht om wijzigingen aan te brengen in de Algemene Voorwaarden. <br \/>2. Gebruikers worden ten minste 14 dagen van tevoren, middels een kennisgeving op het portaal, op de hoogte gesteld van wijzigingen in de Algemene Voorwaarden.<\/p>\n<p><strong>\u00a710.<\/strong><br \/><strong>Slotbepalingen<\/strong><\/p>\n<p>De Algemene Voorwaarden zijn van kracht met ingang van de datum van publicatie op het portaal, behoudens het bepaalde in \u00a79. De Algemene Voorwaarden zijn bedoeld om een harmonieuze samenwerking tussen de gebruikers en de organisatie te waarborgen, daarom heeft elke gebruiker het recht om opmerkingen en vragen in te dienen, via het in \u00a71 genoemde e-mailadres.<\/p>\n<\/div><\/div><\/div><\/div><\/div><\/p>\n","protected":false},"excerpt":{"rendered":"","protected":false},"author":3,"featured_media":0,"parent":0,"menu_order":0,"comment_status":"closed","ping_status":"closed","template":"100-width.php","meta":{"footnotes":""},"class_list":["post-435","page","type-page","status-publish","hentry"],"yoast_head":"<!-- This site is optimized with the Yoast SEO plugin v26.5 - https:\/\/yoast.com\/wordpress\/plugins\/seo\/ -->\n<title>Betalingsvoorwaarden - Dom kt\u00f3ry stawia na nogi<\/title>\n<meta name=\"robots\" content=\"index, follow, max-snippet:-1, max-image-preview:large, max-video-preview:-1\" \/>\n<link rel=\"canonical\" href=\"http:\/\/fundacjarodzin.pl\/dom\/nl\/betalingsvoorwaarden\/\" \/>\n<meta property=\"og:locale\" content=\"pl_PL\" \/>\n<meta property=\"og:type\" content=\"article\" \/>\n<meta property=\"og:title\" content=\"Betalingsvoorwaarden - Dom kt\u00f3ry stawia na nogi\" \/>\n<meta property=\"og:url\" content=\"http:\/\/fundacjarodzin.pl\/dom\/nl\/betalingsvoorwaarden\/\" \/>\n<meta property=\"og:site_name\" content=\"Dom kt\u00f3ry stawia na nogi\" \/>\n<meta property=\"article:modified_time\" content=\"2023-11-21T06:28:28+00:00\" \/>\n<meta name=\"twitter:card\" content=\"summary_large_image\" \/>\n<script type=\"application\/ld+json\" class=\"yoast-schema-graph\">{\"@context\":\"https:\/\/schema.org\",\"@graph\":[{\"@type\":\"WebPage\",\"@id\":\"http:\/\/fundacjarodzin.pl\/dom\/nl\/betalingsvoorwaarden\/\",\"url\":\"http:\/\/fundacjarodzin.pl\/dom\/nl\/betalingsvoorwaarden\/\",\"name\":\"Betalingsvoorwaarden - Dom kt\u00f3ry stawia na nogi\",\"isPartOf\":{\"@id\":\"http:\/\/fundacjarodzin.pl\/dom\/#website\"},\"datePublished\":\"2023-11-15T13:01:35+00:00\",\"dateModified\":\"2023-11-21T06:28:28+00:00\",\"breadcrumb\":{\"@id\":\"http:\/\/fundacjarodzin.pl\/dom\/nl\/betalingsvoorwaarden\/#breadcrumb\"},\"inLanguage\":\"pl-PL\",\"potentialAction\":[{\"@type\":\"ReadAction\",\"target\":[\"http:\/\/fundacjarodzin.pl\/dom\/nl\/betalingsvoorwaarden\/\"]}]},{\"@type\":\"BreadcrumbList\",\"@id\":\"http:\/\/fundacjarodzin.pl\/dom\/nl\/betalingsvoorwaarden\/#breadcrumb\",\"itemListElement\":[{\"@type\":\"ListItem\",\"position\":1,\"name\":\"Strona g\u0142\u00f3wna\",\"item\":\"https:\/\/fundacjarodzin.pl\/dom\/\"},{\"@type\":\"ListItem\",\"position\":2,\"name\":\"Betalingsvoorwaarden\"}]},{\"@type\":\"WebSite\",\"@id\":\"http:\/\/fundacjarodzin.pl\/dom\/#website\",\"url\":\"http:\/\/fundacjarodzin.pl\/dom\/\",\"name\":\"Dom kt\u00f3ry stawia na nogi\",\"description\":\"Wesprzyj zbi\u00f3rk\u0119 na Dom, kt\u00f3ry stawia na nogi.\",\"potentialAction\":[{\"@type\":\"SearchAction\",\"target\":{\"@type\":\"EntryPoint\",\"urlTemplate\":\"http:\/\/fundacjarodzin.pl\/dom\/?s={search_term_string}\"},\"query-input\":{\"@type\":\"PropertyValueSpecification\",\"valueRequired\":true,\"valueName\":\"search_term_string\"}}],\"inLanguage\":\"pl-PL\"}]}<\/script>\n<!-- \/ Yoast SEO plugin. -->","yoast_head_json":{"title":"Betalingsvoorwaarden - Dom kt\u00f3ry stawia na nogi","robots":{"index":"index","follow":"follow","max-snippet":"max-snippet:-1","max-image-preview":"max-image-preview:large","max-video-preview":"max-video-preview:-1"},"canonical":"http:\/\/fundacjarodzin.pl\/dom\/nl\/betalingsvoorwaarden\/","og_locale":"pl_PL","og_type":"article","og_title":"Betalingsvoorwaarden - Dom kt\u00f3ry stawia na nogi","og_url":"http:\/\/fundacjarodzin.pl\/dom\/nl\/betalingsvoorwaarden\/","og_site_name":"Dom kt\u00f3ry stawia na nogi","article_modified_time":"2023-11-21T06:28:28+00:00","twitter_card":"summary_large_image","schema":{"@context":"https:\/\/schema.org","@graph":[{"@type":"WebPage","@id":"http:\/\/fundacjarodzin.pl\/dom\/nl\/betalingsvoorwaarden\/","url":"http:\/\/fundacjarodzin.pl\/dom\/nl\/betalingsvoorwaarden\/","name":"Betalingsvoorwaarden - Dom kt\u00f3ry stawia na nogi","isPartOf":{"@id":"http:\/\/fundacjarodzin.pl\/dom\/#website"},"datePublished":"2023-11-15T13:01:35+00:00","dateModified":"2023-11-21T06:28:28+00:00","breadcrumb":{"@id":"http:\/\/fundacjarodzin.pl\/dom\/nl\/betalingsvoorwaarden\/#breadcrumb"},"inLanguage":"pl-PL","potentialAction":[{"@type":"ReadAction","target":["http:\/\/fundacjarodzin.pl\/dom\/nl\/betalingsvoorwaarden\/"]}]},{"@type":"BreadcrumbList","@id":"http:\/\/fundacjarodzin.pl\/dom\/nl\/betalingsvoorwaarden\/#breadcrumb","itemListElement":[{"@type":"ListItem","position":1,"name":"Strona g\u0142\u00f3wna","item":"https:\/\/fundacjarodzin.pl\/dom\/"},{"@type":"ListItem","position":2,"name":"Betalingsvoorwaarden"}]},{"@type":"WebSite","@id":"http:\/\/fundacjarodzin.pl\/dom\/#website","url":"http:\/\/fundacjarodzin.pl\/dom\/","name":"Dom kt\u00f3ry stawia na nogi","description":"Wesprzyj zbi\u00f3rk\u0119 na Dom, kt\u00f3ry stawia na nogi.","potentialAction":[{"@type":"SearchAction","target":{"@type":"EntryPoint","urlTemplate":"http:\/\/fundacjarodzin.pl\/dom\/?s={search_term_string}"},"query-input":{"@type":"PropertyValueSpecification","valueRequired":true,"valueName":"search_term_string"}}],"inLanguage":"pl-PL"}]}},"_links":{"self":[{"href":"http:\/\/fundacjarodzin.pl\/dom\/wp-json\/wp\/v2\/pages\/435","targetHints":{"allow":["GET"]}}],"collection":[{"href":"http:\/\/fundacjarodzin.pl\/dom\/wp-json\/wp\/v2\/pages"}],"about":[{"href":"http:\/\/fundacjarodzin.pl\/dom\/wp-json\/wp\/v2\/types\/page"}],"author":[{"embeddable":true,"href":"http:\/\/fundacjarodzin.pl\/dom\/wp-json\/wp\/v2\/users\/3"}],"replies":[{"embeddable":true,"href":"http:\/\/fundacjarodzin.pl\/dom\/wp-json\/wp\/v2\/comments?post=435"}],"version-history":[{"count":3,"href":"http:\/\/fundacjarodzin.pl\/dom\/wp-json\/wp\/v2\/pages\/435\/revisions"}],"predecessor-version":[{"id":465,"href":"http:\/\/fundacjarodzin.pl\/dom\/wp-json\/wp\/v2\/pages\/435\/revisions\/465"}],"wp:attachment":[{"href":"http:\/\/fundacjarodzin.pl\/dom\/wp-json\/wp\/v2\/media?parent=435"}],"curies":[{"name":"wp","href":"https:\/\/api.w.org\/{rel}","templated":true}]}}