{"id":414,"date":"2023-11-15T12:47:34","date_gmt":"2023-11-15T11:47:34","guid":{"rendered":"http:\/\/fundacjarodzin.pl\/dom\/?page_id=414"},"modified":"2023-11-28T14:43:03","modified_gmt":"2023-11-28T13:43:03","slug":"privacy-policy","status":"publish","type":"page","link":"http:\/\/fundacjarodzin.pl\/dom\/en\/privacy-policy\/","title":{"rendered":"Privacy Policy"},"content":{"rendered":"<p><div class=\"fusion-fullwidth fullwidth-box fusion-builder-row-1 fusion-flex-container has-pattern-background has-mask-background nonhundred-percent-fullwidth non-hundred-percent-height-scrolling\" style=\"--awb-border-radius-top-left:0px;--awb-border-radius-top-right:0px;--awb-border-radius-bottom-right:0px;--awb-border-radius-bottom-left:0px;--awb-min-height:50vh;--awb-background-color:var(--awb-color5);--awb-flex-wrap:wrap;\" ><div class=\"fusion-builder-row fusion-row fusion-flex-align-items-flex-start fusion-flex-content-wrap\" style=\"max-width:1248px;margin-left: calc(-4% \/ 2 );margin-right: calc(-4% \/ 2 );\"><div class=\"fusion-layout-column fusion_builder_column fusion-builder-column-0 fusion_builder_column_1_1 1_1 fusion-flex-column fusion-flex-align-self-stretch\" style=\"--awb-padding-top:120px;--awb-bg-size:cover;--awb-width-large:100%;--awb-margin-top-large:0px;--awb-spacing-right-large:1.92%;--awb-margin-bottom-large:20px;--awb-spacing-left-large:1.92%;--awb-width-medium:100%;--awb-order-medium:0;--awb-spacing-right-medium:1.92%;--awb-spacing-left-medium:1.92%;--awb-width-small:100%;--awb-order-small:0;--awb-spacing-right-small:1.92%;--awb-spacing-left-small:1.92%;\"><div class=\"fusion-column-wrapper fusion-column-has-shadow fusion-flex-justify-content-center fusion-content-layout-column\"><div class=\"fusion-title title fusion-title-1 fusion-sep-none fusion-title-center fusion-title-text fusion-title-size-one\" style=\"--awb-text-color:var(--awb-color1);\"><h1 class=\"fusion-title-heading title-heading-center fusion-responsive-typography-calculated\" style=\"margin:0;--fontSize:64;line-height:var(--awb-typography1-line-height);\">Privacy Policy<\/h1><\/div><\/div><\/div><\/div><\/div><div class=\"fusion-fullwidth fullwidth-box fusion-builder-row-2 fusion-flex-container nonhundred-percent-fullwidth non-hundred-percent-height-scrolling\" style=\"--awb-border-radius-top-left:0px;--awb-border-radius-top-right:0px;--awb-border-radius-bottom-right:0px;--awb-border-radius-bottom-left:0px;--awb-padding-top:20px;--awb-flex-wrap:wrap;\" ><div class=\"fusion-builder-row fusion-row fusion-flex-align-items-flex-start fusion-flex-content-wrap\" style=\"max-width:1248px;margin-left: calc(-4% \/ 2 );margin-right: calc(-4% \/ 2 );\"><div class=\"fusion-layout-column fusion_builder_column fusion-builder-column-1 fusion_builder_column_1_1 1_1 fusion-flex-column\" style=\"--awb-bg-blend:overlay;--awb-bg-size:cover;--awb-width-large:100%;--awb-margin-top-large:0px;--awb-spacing-right-large:1.92%;--awb-margin-bottom-large:0px;--awb-spacing-left-large:1.92%;--awb-width-medium:100%;--awb-spacing-right-medium:1.92%;--awb-spacing-left-medium:1.92%;--awb-width-small:100%;--awb-spacing-right-small:1.92%;--awb-spacing-left-small:1.92%;\"><div class=\"fusion-column-wrapper fusion-flex-justify-content-flex-start fusion-content-layout-column\"><div class=\"fusion-text fusion-text-1\"><p>We pay special attention to respecting the privacy of visitors to our websites, therefore we kindly ask you to familiarize yourself with the most important issues that may affect you when using this website.<\/p>\n<p><strong>Your details<\/strong><\/p>\n<p>The administrator of your data is the Foundation for Polish Families\u00a0 \u201cSt. John Paul II\u201d based in \u015awi\u0119toch\u0142owice (Poland) at Bp. Teodora Kubiny 5, 41-600 \u015awi\u0119toch\u0142owice, entered in the register of the National Court Register under the number KRS 0000386878, having tax identification number NIP:\u00a0 6272724057 and REGON:\u00a0\u00a0 241953348\u00a0 hereinafter referred to as the &#8222;Foundation&#8221;. Your personal data will only be collected and processed when you give us your consent, e.g. when you send us a message. Processing of your personal data for purposes other than those related to the conduct of our activities will only be possible with your prior consent, in which case the basis for processing will be your consent.<\/p>\n<p>At any time you have the right to access your data, to correct them, to limit processing, and the right to delete your data. To exercise this right, you can contact us by sending an email to:\u00a0<a href=\"mailto:kontakt@fundacjarodzin.pl\">kontakt@fundacjarodzin.pl<\/a>, outlining the issue you would like to resolve.<\/p>\n<p><strong>Contact form<\/strong><\/p>\n<p>Data completed and sent using the contact form in the &#8222;Contact Us&#8221; tab, is used to contact you, respond to your inquiry, provide other data at your request. The contact form can be checked by an automatic spam detection service and web robots.<\/p>\n<p><strong>Donation payment via the Internet &#8211; electronic payments<\/strong><\/p>\n<p>Making a donation using electronic payments is done through the Tpay platform, owned by Krajowy Integrator P\u0142atno\u015bci S.A., Plac Andersa 3, 17th Floor, 61-894 Pozna\u0144, Poland, hereinafter referred to as &#8222;Tpay&#8221;. Security of data transmission is ensured by Tpay. In the event of a complaint, Tpay is the party accepting the claim.\u00a0 A detailed description and regulations of the service are available on Tpay&#8217;s website at:\u00a0<a href=\"https:\/\/tpay.com\/dla-platnika\">https:\/\/tpay.com\/dla-platnika<\/a>.<\/p>\n<p><strong>Embedded content from other sites<\/strong><\/p>\n<p>Sub-pages of our website may contain affiliate links and other embedded content (e.g. videos, images, articles, etc.). Embedded content from other sites behaves analogously to the way it would if you visited a specific site directly. These sites may collect information about you, use cookies, attach additional third-party tracking systems and monitor your interactions with embedded material, including tracking your interactions with embedded material if you have an account and are logged into that particular website.<\/p>\n<p>An analytics tool, the Facebook Pixel (&#8222;Pixel&#8221;), is enabled on the website <a href=\"https:\/\/fundacjarodzin.pl\/\">https:\/\/fundacjarodzin.pl<\/a>to help measure the effectiveness of advertisements based on the analysis of users&#8217; actions on the website provided by Facebook Ireland Limited, based in Ireland, 4 Grand Canal Square, Grand Canal Harbour, Dublin 2 (&#8222;Facebook&#8221;). Pixel data may be used in terms of broadcasting ads to the right audience, creating ad audiences, or using other advertising tools provided by Facebook.<\/p>\n<p><strong>Information about cookies<\/strong><\/p>\n<p>Pursuant to Article 173 (1) of the Act of July 16, 2004. from the Telecommunications Act (Journal\u00a0 of Laws of 2004, No. 171, item 1800), I would like to inform you that the entity placing &#8222;cookies&#8221; on your end device is being the Foundation (<a href=\"https:\/\/fundacjarodzin.pl\/\">https:\/\/fundacjarodzin.pl<\/a>). &#8222;Cookie&#8221; files (so-called &#8222;cookies&#8221;) are IT data, text files in particular, which are stored on your end device. &#8222;Cookies&#8221; usually contain the name of the website they originate from, the time they were being stored on the end device and a unique number. Cookies are being used for:<\/p>\n<p>\u2013 adapting the content of the website to the user&#8217;s preferences and optimizing the use of the websites; in particular, these files allow for the recognition of the website user&#8217;s device and appropriate display of the website adjusted to his\/her individual needs;<br \/>\n\u2013 creating statistics that help to understand the way website users use the website, which allows to improve its structure and content.<\/p>\n<p>The website\u00a0<a href=\"https:\/\/fundacjarodzin.pl\/\">https:\/\/fundacjarodzin.pl<\/a>\u00a0uses two main types of &#8222;cookies&#8221;: session cookies and persistent cookies. &#8222;Session cookies&#8221; are temporary files that are stored on the user&#8217;s end device until the user leaves the website or shuts down the web browser. \u201cPersistent cookies\u201d are files that are stored on the user&#8217;s end device for a period of time specified in the parameters of the &#8222;cookies&#8221; or until they are deleted by the user.<\/p>\n<p>Users of the website\u00a0<a href=\"https:\/\/fundacjarodzin.pl\/\">https:\/\/fundacjarodzin.pl<\/a>\u00a0may change their cookie settings at any time. The level of protection against the generation of &#8222;cookies&#8221; is set in each web browser. It is possible to partially block cookies, up to block them completely.\u00a0 Complete blocking increases the level of security and data protection, but may also prevent the operation of certain functions, such as logging into a website that provides email service. Detailed information about the possibility and methods of processing &#8222;cookies&#8221; is available in the settings of your web browser.<\/p>\n<p>Default browser settings usually allow placing &#8222;cookies&#8221; on the user&#8217;s end device. Pursuant to Article 173(2) of the Telecommunications Act (Journal of Laws 2017, item 1907), maintaining such browser settings after receiving information about the &#8222;cookies&#8221; used on the website is tantamount to consenting to the use of &#8222;cookies&#8221; on the websites.<\/p>\n<p>The Foundation informs that limiting the use of &#8222;cookies&#8221; may affect some functionalities of the website\u00a0<a href=\"https:\/\/fundacjarodzin.pl\/\">https:\/\/fundacjarodzin.pl<\/a>. More information about &#8222;cookies&#8221; is available in the &#8222;Help&#8221; section of the menu of your web browser and at the web addresses of the most popular web browsers:<\/p>\n<p>\u2013 for Mozilla Firefox it is:\u00a0<a href=\"https:\/\/support.mozilla.org\/pl\/products\/firefox\">https:\/\/support.mozilla.org\/pl\/products\/firefox<\/a><br \/>\n\u2013 for Internet Explorer it is:\u00a0<a href=\"https:\/\/support.microsoft.com\/pl-pl\/products\/internet-explorer\">https:\/\/support.microsoft.com\/pl-pl\/products\/internet-explorer<\/a><br \/>\n\u2013 for Google Chrome it is:\u00a0<a href=\"https:\/\/support.google.com\/chrome\/bin\/answer.py\">https:\/\/support.google.com\/chrome\/bin\/answer.py<\/a><\/p>\n<p><strong>Statistics mechanism<\/strong><\/p>\n<p>The website https:\/\/fundacjarodzin.pl installed software to create statistics on its visitors \u2013 Google Analytics, a web audience analysis service provided by Google LLC, headquartered in the United States, 1600 Amphitheatre Parkway, Mountain View, CA 94043 (&#8222;Google&#8221;). The statistics collect information about screen resolution, color depth, the installed versions of Flash and JavaScript, the physical location of users, &#8222;cookies.&#8221; The information generated by the &#8222;cookies&#8221;, about your use of the website (including your IP address), is transmitted to Google, which stores it on its servers. Google will use this information to evaluate your use of the website, to create reports on website traffic for website operators and to provide other services related to website traffic and internet usage. Google may also transfer this information to third parties if it is required to do so by law or if such third parties process such information on Google&#8217;s behalf. You may opt out of transmitting the information described above to Google by selecting the appropriate settings in your browser, but please note that if you do so, you may find it difficult to use all the features of the website \u00a0<a href=\"https:\/\/fundacjarodzin.pl\/\">https:\/\/fundacjarodzin.pl<\/a>. Information on the use of cookies by Google is available at:\u00a0<a href=\"https:\/\/policies.google.com\/technologies\/cookies?hl=pl\">https:\/\/policies.google.com\/technologies\/cookies?hl=pl<\/a>, while the full content of the privacy policy used by Google can be found at: <a href=\"https:\/\/policies.google.com\/privacy?hl=pl\">https:\/\/policies.google.com\/privacy?hl=pl<\/a>.<\/p>\n<p><strong>Remaining stipulations<\/strong><\/p>\n<p>The expansion of the website\u00a0<a href=\"https:\/\/fundacjarodzin.pl\/\">https:\/\/fundacjarodzin.pl<\/a>, developments in Internet technology, or changes in data protection may cause changes in the Privacy Policy. The Foundation will inform you through this website about all changes made. In case of additional questions, please contact us:<\/p>\n<p>\u201cSt. John Paul II\u201d Foundation for Polish Families<br \/>\nBiskupa Teodora Kubiny 5<br \/>\n41-600 \u015awi\u0119toch\u0142owice (Poland)<br \/>\nTel. +48 32 793 64 98<br \/>\nEmail:\u00a0<a href=\"mailto:kontakt@fundacjarodzin.pl\">kontakt@fundacjarodzin.pl<\/a><\/p>\n<\/div><\/div><\/div><\/div><\/div><\/p>\n","protected":false},"excerpt":{"rendered":"","protected":false},"author":3,"featured_media":0,"parent":0,"menu_order":0,"comment_status":"closed","ping_status":"open","template":"100-width.php","meta":{"footnotes":""},"class_list":["post-414","page","type-page","status-publish","hentry"],"yoast_head":"<!-- This site is optimized with the Yoast SEO plugin v26.5 - https:\/\/yoast.com\/wordpress\/plugins\/seo\/ -->\n<title>Privacy Policy - Dom kt\u00f3ry stawia na nogi<\/title>\n<meta name=\"robots\" content=\"index, follow, max-snippet:-1, max-image-preview:large, max-video-preview:-1\" \/>\n<link rel=\"canonical\" href=\"http:\/\/fundacjarodzin.pl\/dom\/en\/privacy-policy\/\" \/>\n<meta property=\"og:locale\" content=\"pl_PL\" \/>\n<meta property=\"og:type\" content=\"article\" \/>\n<meta property=\"og:title\" content=\"Privacy Policy - Dom kt\u00f3ry stawia na nogi\" \/>\n<meta property=\"og:url\" content=\"http:\/\/fundacjarodzin.pl\/dom\/en\/privacy-policy\/\" \/>\n<meta property=\"og:site_name\" content=\"Dom kt\u00f3ry stawia na nogi\" \/>\n<meta property=\"article:modified_time\" content=\"2023-11-28T13:43:03+00:00\" \/>\n<meta name=\"twitter:card\" content=\"summary_large_image\" \/>\n<script type=\"application\/ld+json\" class=\"yoast-schema-graph\">{\"@context\":\"https:\/\/schema.org\",\"@graph\":[{\"@type\":\"WebPage\",\"@id\":\"http:\/\/fundacjarodzin.pl\/dom\/en\/privacy-policy\/\",\"url\":\"http:\/\/fundacjarodzin.pl\/dom\/en\/privacy-policy\/\",\"name\":\"Privacy Policy - Dom kt\u00f3ry stawia na nogi\",\"isPartOf\":{\"@id\":\"http:\/\/fundacjarodzin.pl\/dom\/#website\"},\"datePublished\":\"2023-11-15T11:47:34+00:00\",\"dateModified\":\"2023-11-28T13:43:03+00:00\",\"breadcrumb\":{\"@id\":\"http:\/\/fundacjarodzin.pl\/dom\/en\/privacy-policy\/#breadcrumb\"},\"inLanguage\":\"pl-PL\",\"potentialAction\":[{\"@type\":\"ReadAction\",\"target\":[\"http:\/\/fundacjarodzin.pl\/dom\/en\/privacy-policy\/\"]}]},{\"@type\":\"BreadcrumbList\",\"@id\":\"http:\/\/fundacjarodzin.pl\/dom\/en\/privacy-policy\/#breadcrumb\",\"itemListElement\":[{\"@type\":\"ListItem\",\"position\":1,\"name\":\"Strona g\u0142\u00f3wna\",\"item\":\"https:\/\/fundacjarodzin.pl\/dom\/\"},{\"@type\":\"ListItem\",\"position\":2,\"name\":\"Privacy Policy\"}]},{\"@type\":\"WebSite\",\"@id\":\"http:\/\/fundacjarodzin.pl\/dom\/#website\",\"url\":\"http:\/\/fundacjarodzin.pl\/dom\/\",\"name\":\"Dom kt\u00f3ry stawia na nogi\",\"description\":\"Wesprzyj zbi\u00f3rk\u0119 na Dom, kt\u00f3ry stawia na nogi.\",\"potentialAction\":[{\"@type\":\"SearchAction\",\"target\":{\"@type\":\"EntryPoint\",\"urlTemplate\":\"http:\/\/fundacjarodzin.pl\/dom\/?s={search_term_string}\"},\"query-input\":{\"@type\":\"PropertyValueSpecification\",\"valueRequired\":true,\"valueName\":\"search_term_string\"}}],\"inLanguage\":\"pl-PL\"}]}<\/script>\n<!-- \/ Yoast SEO plugin. -->","yoast_head_json":{"title":"Privacy Policy - Dom kt\u00f3ry stawia na nogi","robots":{"index":"index","follow":"follow","max-snippet":"max-snippet:-1","max-image-preview":"max-image-preview:large","max-video-preview":"max-video-preview:-1"},"canonical":"http:\/\/fundacjarodzin.pl\/dom\/en\/privacy-policy\/","og_locale":"pl_PL","og_type":"article","og_title":"Privacy Policy - Dom kt\u00f3ry stawia na nogi","og_url":"http:\/\/fundacjarodzin.pl\/dom\/en\/privacy-policy\/","og_site_name":"Dom kt\u00f3ry stawia na nogi","article_modified_time":"2023-11-28T13:43:03+00:00","twitter_card":"summary_large_image","schema":{"@context":"https:\/\/schema.org","@graph":[{"@type":"WebPage","@id":"http:\/\/fundacjarodzin.pl\/dom\/en\/privacy-policy\/","url":"http:\/\/fundacjarodzin.pl\/dom\/en\/privacy-policy\/","name":"Privacy Policy - Dom kt\u00f3ry stawia na nogi","isPartOf":{"@id":"http:\/\/fundacjarodzin.pl\/dom\/#website"},"datePublished":"2023-11-15T11:47:34+00:00","dateModified":"2023-11-28T13:43:03+00:00","breadcrumb":{"@id":"http:\/\/fundacjarodzin.pl\/dom\/en\/privacy-policy\/#breadcrumb"},"inLanguage":"pl-PL","potentialAction":[{"@type":"ReadAction","target":["http:\/\/fundacjarodzin.pl\/dom\/en\/privacy-policy\/"]}]},{"@type":"BreadcrumbList","@id":"http:\/\/fundacjarodzin.pl\/dom\/en\/privacy-policy\/#breadcrumb","itemListElement":[{"@type":"ListItem","position":1,"name":"Strona g\u0142\u00f3wna","item":"https:\/\/fundacjarodzin.pl\/dom\/"},{"@type":"ListItem","position":2,"name":"Privacy Policy"}]},{"@type":"WebSite","@id":"http:\/\/fundacjarodzin.pl\/dom\/#website","url":"http:\/\/fundacjarodzin.pl\/dom\/","name":"Dom kt\u00f3ry stawia na nogi","description":"Wesprzyj zbi\u00f3rk\u0119 na Dom, kt\u00f3ry stawia na nogi.","potentialAction":[{"@type":"SearchAction","target":{"@type":"EntryPoint","urlTemplate":"http:\/\/fundacjarodzin.pl\/dom\/?s={search_term_string}"},"query-input":{"@type":"PropertyValueSpecification","valueRequired":true,"valueName":"search_term_string"}}],"inLanguage":"pl-PL"}]}},"_links":{"self":[{"href":"http:\/\/fundacjarodzin.pl\/dom\/wp-json\/wp\/v2\/pages\/414","targetHints":{"allow":["GET"]}}],"collection":[{"href":"http:\/\/fundacjarodzin.pl\/dom\/wp-json\/wp\/v2\/pages"}],"about":[{"href":"http:\/\/fundacjarodzin.pl\/dom\/wp-json\/wp\/v2\/types\/page"}],"author":[{"embeddable":true,"href":"http:\/\/fundacjarodzin.pl\/dom\/wp-json\/wp\/v2\/users\/3"}],"replies":[{"embeddable":true,"href":"http:\/\/fundacjarodzin.pl\/dom\/wp-json\/wp\/v2\/comments?post=414"}],"version-history":[{"count":2,"href":"http:\/\/fundacjarodzin.pl\/dom\/wp-json\/wp\/v2\/pages\/414\/revisions"}],"predecessor-version":[{"id":483,"href":"http:\/\/fundacjarodzin.pl\/dom\/wp-json\/wp\/v2\/pages\/414\/revisions\/483"}],"wp:attachment":[{"href":"http:\/\/fundacjarodzin.pl\/dom\/wp-json\/wp\/v2\/media?parent=414"}],"curies":[{"name":"wp","href":"https:\/\/api.w.org\/{rel}","templated":true}]}}