{"id":3,"date":"2022-08-12T10:38:08","date_gmt":"2022-08-12T08:38:08","guid":{"rendered":"http:\/\/fundacjarodzin.pl\/dom\/?page_id=3"},"modified":"2023-09-25T10:21:44","modified_gmt":"2023-09-25T08:21:44","slug":"polityka-prywatnosci","status":"publish","type":"page","link":"http:\/\/fundacjarodzin.pl\/dom\/polityka-prywatnosci\/","title":{"rendered":"Polityka prywatno\u015bci"},"content":{"rendered":"<p><div class=\"fusion-fullwidth fullwidth-box fusion-builder-row-1 fusion-flex-container has-pattern-background has-mask-background nonhundred-percent-fullwidth non-hundred-percent-height-scrolling\" style=\"--awb-border-radius-top-left:0px;--awb-border-radius-top-right:0px;--awb-border-radius-bottom-right:0px;--awb-border-radius-bottom-left:0px;--awb-min-height:50vh;--awb-background-color:var(--awb-color5);--awb-flex-wrap:wrap;\" ><div class=\"fusion-builder-row fusion-row fusion-flex-align-items-flex-start fusion-flex-content-wrap\" style=\"max-width:1248px;margin-left: calc(-4% \/ 2 );margin-right: calc(-4% \/ 2 );\"><div class=\"fusion-layout-column fusion_builder_column fusion-builder-column-0 fusion_builder_column_1_1 1_1 fusion-flex-column fusion-flex-align-self-stretch\" style=\"--awb-padding-top:120px;--awb-bg-size:cover;--awb-width-large:100%;--awb-margin-top-large:0px;--awb-spacing-right-large:1.92%;--awb-margin-bottom-large:20px;--awb-spacing-left-large:1.92%;--awb-width-medium:100%;--awb-order-medium:0;--awb-spacing-right-medium:1.92%;--awb-spacing-left-medium:1.92%;--awb-width-small:100%;--awb-order-small:0;--awb-spacing-right-small:1.92%;--awb-spacing-left-small:1.92%;\"><div class=\"fusion-column-wrapper fusion-column-has-shadow fusion-flex-justify-content-center fusion-content-layout-column\"><div class=\"fusion-title title fusion-title-1 fusion-sep-none fusion-title-center fusion-title-text fusion-title-size-one\" style=\"--awb-text-color:var(--awb-color1);\"><h1 class=\"fusion-title-heading title-heading-center fusion-responsive-typography-calculated\" style=\"margin:0;--fontSize:64;line-height:var(--awb-typography1-line-height);\">Polityka prywatno\u015bci<\/h1><\/div><\/div><\/div><\/div><\/div><div class=\"fusion-fullwidth fullwidth-box fusion-builder-row-2 fusion-flex-container nonhundred-percent-fullwidth non-hundred-percent-height-scrolling\" style=\"--awb-border-radius-top-left:0px;--awb-border-radius-top-right:0px;--awb-border-radius-bottom-right:0px;--awb-border-radius-bottom-left:0px;--awb-padding-top:20px;--awb-flex-wrap:wrap;\" ><div class=\"fusion-builder-row fusion-row fusion-flex-align-items-flex-start fusion-flex-content-wrap\" style=\"max-width:1248px;margin-left: calc(-4% \/ 2 );margin-right: calc(-4% \/ 2 );\"><div class=\"fusion-layout-column fusion_builder_column fusion-builder-column-1 fusion_builder_column_1_1 1_1 fusion-flex-column\" style=\"--awb-bg-size:cover;--awb-width-large:100%;--awb-margin-top-large:0px;--awb-spacing-right-large:1.92%;--awb-margin-bottom-large:0px;--awb-spacing-left-large:1.92%;--awb-width-medium:100%;--awb-spacing-right-medium:1.92%;--awb-spacing-left-medium:1.92%;--awb-width-small:100%;--awb-spacing-right-small:1.92%;--awb-spacing-left-small:1.92%;\"><div class=\"fusion-column-wrapper fusion-flex-justify-content-flex-start fusion-content-layout-column\"><div class=\"fusion-text fusion-text-1\"><p>Zwracamy szczeg\u00f3ln\u0105 wag\u0119 na poszanowanie prywatno\u015bci u\u017cytkownik\u00f3w odwiedzaj\u0105cych nasze strony, dlatego prosimy o zapoznanie si\u0119 z najwa\u017cniejszymi kwestiami, kt\u00f3re mog\u0105 Ci\u0119 dotyczy\u0107 podczas korzystania z tej witryny internetowej.<\/p>\n<p><b>Twoje dane<\/b><\/p>\n<p>Administratorem danych jest Fundacja Rodzin Polskich im. \u015aw. Jana Paw\u0142a II z siedzib\u0105 w \u015awi\u0119toch\u0142owicach przy ulicy Bp. Teodora Kubiny 5, 41-600 \u015awi\u0119toch\u0142owice wpisana do rejestru Krajowego Rejestru S\u0105dowego pod numerem KRS 0000386878, posiadaj\u0105ca numer identyfikacji podatkowej NIP: 6272724057 oraz REGON: 241953348 zwana dalej \u201eFundacja\u201d. Dane osobowe s\u0105 pobierane i przetwarzane tylko wtedy kiedy wyrazisz na to zgod\u0119 np. kiedy wy\u015blesz do nas wiadomo\u015b\u0107. Przetwarzanie Twoich danych osobowych w innych celach ni\u017c zwi\u0105zanych z prowadzeniem naszej dzia\u0142alno\u015bci b\u0119dzie mo\u017cliwe wy\u0142\u0105cznie za Twoj\u0105 uprzedni\u0105 zgod\u0105, w tym przypadku podstaw\u0105 przetwarzania danych b\u0119dzie Twoja zgoda.<\/p>\n<p>W dowolnym momencie przys\u0142uguje Ci prawo dost\u0119pu do Twoich danych, ich sprostowania, ograniczenia przetwarzania oraz prawo do usuni\u0119cia Twoich danych. W celu skorzystania z tego prawa mo\u017cesz si\u0119 z nami skontaktowa\u0107 poprzez wys\u0142anie wiadomo\u015bci na adres e-mail: <a href=\"mailto:kontakt@fundacjarodzin.pl\">kontakt@fundacjarodzin.pl<\/a>, opisuj\u0105c w niej kwesti\u0119, kt\u00f3r\u0105 chcia\u0142by\u015b za\u0142atwi\u0107.<\/p>\n<p><b>Formularz kontaktowy<\/b><\/p>\n<p>Dane uzupe\u0142nione i wys\u0142ane z poziomu formularza kontaktowego w zak\u0142adce \u201eKontakt\u201d, s\u0142u\u017c\u0105 do kontaktu z Tob\u0105, udzielenia odpowiedzi na Twoje zapytanie, przekazania innych danych na Twoj\u0105 pro\u015bb\u0119. Formularz kontaktowy mo\u017ce by\u0107 sprawdzany za pomoc\u0105 automatycznej us\u0142ugi wykrywania spamu i robot\u00f3w sieciowych.<\/p>\n<p><b>Wp\u0142ata darowizny przez internet \u2013 p\u0142atno\u015bci elektroniczne<\/b><\/p>\n<p>Wp\u0142ata darowizny z wykorzystaniem p\u0142atno\u015bci elektronicznych odbywa si\u0119 za po\u015brednictwem platformy Tpay, kt\u00f3rej w\u0142a\u015bcicielem jest Krajowy Integrator P\u0142atno\u015bci S.A., plac Andersa 3, 17 pi\u0119tro, 61-894 Pozna\u0144 zwany dalej \u201eTpay\u201d. Bezpiecze\u0144stwo przesy\u0142ania danych zapewnia Tpay. W przypadku sk\u0142adania reklamacji, stron\u0105 przyjmuj\u0105c\u0105 zg\u0142oszenie jest Tpay. Szczeg\u00f3\u0142owy opis i regulamin us\u0142ugi jest dost\u0119pny na stronach Tpay pod adresem: <a href=\"https:\/\/tpay.com\/dla-platnika\">https:\/\/tpay.com\/dla-platnika<\/a>.<\/p>\n<p><b>Osadzone tre\u015bci z innych witryn<\/b><\/p>\n<p>Podstrony naszego serwisu mog\u0105 zawiera\u0107 linki afiliacyjne oraz inne osadzone tre\u015bci (np. filmy, obrazki, artyku\u0142y itp.). Osadzone tre\u015bci z innych witryn zachowuj\u0105 si\u0119 analogicznie do tego, jakby u\u017cytkownik odwiedzi\u0142 bezpo\u015brednio konkretn\u0105 witryn\u0119. Strony te mog\u0105 zbiera\u0107 informacje o Tobie, u\u017cywa\u0107 ciasteczek, do\u0142\u0105cza\u0107 dodatkowe, zewn\u0119trzne systemy \u015bledzenia i monitorowa\u0107 Twoje interakcje z osadzonym materia\u0142em, w\u0142\u0105czaj\u0105c w to \u015bledzenie Twoich interakcji z osadzonym materia\u0142em, je\u015bli posiadasz konto i jeste\u015b zalogowany w tamtej witrynie.<\/p>\n<p>Na stronie internetowej <a href=\"https:\/\/fundacjarodzin.pl\">https:\/\/fundacjarodzin.pl<\/a> aktywne jest narz\u0119dzie analityczne \u2013 Piksel Facebook (\u201epiksel\u201d), kt\u00f3re pomaga mierzy\u0107 skuteczno\u015b\u0107 reklam na podstawie analizy dzia\u0142a\u0144 podejmowanych przez u\u017cytkownik\u00f3w w witrynie udost\u0119pnione przez Facebook Ireland Limited z siedzib\u0105 w Irlandii, 4 Grand Canal Square, Grand Canal Harbour, Dublin 2 (\u201eFacebook\u201d). Dane z piksela mog\u0105 by\u0107 wykorzystane w zakresie emisji reklam w\u015br\u00f3d w\u0142a\u015bciwej grupy odbiorc\u00f3w, tworzenia grup odbiorc\u00f3w reklam czy te\u017c u\u017cywania innych narz\u0119dzi reklamowych udost\u0119pnionych przez Facebook.<\/p>\n<p><b>Informacje o \u201ecookies\u201d<\/b><\/p>\n<p>Zgodnie z art. 173 ust. 1 ustawy z dnia 16 lipca 2004 r. Prawo telekomunikacyjne (Dz. U. z 2004 r. Nr 171, poz. 1800) informuj\u0119, \u017ce podmiotem zamieszczaj\u0105cym na Pa\u0144stwa urz\u0105dzeniu ko\u0144cowym pliki \u201ecookies\u201d jest Fundacja (<a href=\"https:\/\/fundacjarodzin.pl\">https:\/\/fundacjarodzin.pl<\/a>). Pliki \u201ecookies\u201d (tzw. \u201eciasteczka\u201d) stanowi\u0105 dane informatyczne, w szczeg\u00f3lno\u015bci pliki tekstowe, kt\u00f3re przechowywane s\u0105 w urz\u0105dzeniu ko\u0144cowym u\u017cytkownika. Pliki \u201ecookies\u201d zazwyczaj zawieraj\u0105 nazw\u0119 strony internetowej z kt\u00f3rej pochodz\u0105, czas przechowywania ich na urz\u0105dzeniu ko\u0144cowym oraz unikalny numer. Pliki \u201ecookies\u201d wykorzystywane s\u0105 w celu:<\/p>\n<p>\u2013 dostosowania zawarto\u015bci strony internetowej do preferencji u\u017cytkownika oraz optymalizacji korzystania ze stron internetowych; w szczeg\u00f3lno\u015bci pliki te pozwalaj\u0105 rozpozna\u0107 urz\u0105dzenie u\u017cytkownika strony internetowej i odpowiednio wy\u015bwietli\u0107 witryn\u0119 dostosowan\u0105 do jego indywidualnych potrzeb;<br \/>\u2013 tworzenia statystyk, kt\u00f3re pomagaj\u0105 zrozumie\u0107, w jaki spos\u00f3b u\u017cytkownicy strony internetowej korzystaj\u0105 z witryny, co umo\u017cliwia ulepszanie ich struktury i zawarto\u015bci.<\/p>\n<p>W ramach strony internetowej <a href=\"https:\/\/fundacjarodzin.pl\">https:\/\/fundacjarodzin.pl<\/a> stosowane s\u0105 dwa zasadnicze rodzaje plik\u00f3w \u201ecookies\u201d: sesyjne (session cookies) oraz sta\u0142e (persistent cookies). \u201eCookies\u201d sesyjne s\u0105 plikami tymczasowymi, kt\u00f3re przechowywane s\u0105 w urz\u0105dzeniu ko\u0144cowym u\u017cytkownika do czasu opuszczenia strony internetowej lub wy\u0142\u0105czenia przegl\u0105darki internetowej. \u201eCookies\u201d sta\u0142e s\u0105 plikami przechowywanymi w urz\u0105dzeniu ko\u0144cowym u\u017cytkownika przez czas okre\u015blony w parametrach plik\u00f3w \u201ecookies\u201d lub do czasu ich usuni\u0119cia przez u\u017cytkownika.<\/p>\n<p>U\u017cytkownicy strony internetowej <a href=\"https:\/\/fundacjarodzin.pl\">https:\/\/fundacjarodzin.pl<\/a> mog\u0105 dokona\u0107 w ka\u017cdym czasie zmiany ustawie\u0144 dotycz\u0105cych plik\u00f3w \u201ecookies\u201d. Poziom ochrony przed generowaniem plik\u00f3w \u201ecookies\u201d ustawia si\u0119 w ka\u017cdej przegl\u0105darce. Jest mo\u017cliwe cz\u0119\u015bciowe blokowanie plik\u00f3w \u201ecookies\u201d, a\u017c do ca\u0142kowitego ich blokowania. Ca\u0142kowite blokowanie zwi\u0119ksza poziom bezpiecze\u0144stwa i ochrony danych, ale mo\u017ce r\u00f3wnie\u017c uniemo\u017cliwia\u0107 dzia\u0142anie niekt\u00f3rych funkcji, np. zalogowanie si\u0119 na stronie, kt\u00f3ra udost\u0119pnia poczt\u0119 e-mail. Szczeg\u00f3\u0142owe informacje o mo\u017cliwo\u015bci i sposobach obs\u0142ugi plik\u00f3w \u201ecookies\u201d dost\u0119pne s\u0105 w ustawieniach przegl\u0105darki internetowej.<\/p>\n<p>Domy\u015blne ustawienia przegl\u0105darki internetowej zazwyczaj pozwalaj\u0105 na umieszczanie plik\u00f3w \u201ecookies\u201d w urz\u0105dzeniu ko\u0144cowym u\u017cytkownika. Zgodnie z art. 173 ust. 2 ustawy Prawo telekomunikacyjne (Dz.U. 2017 poz. 1907) pozostawienie takich ustawie\u0144 przegl\u0105darki po otrzymaniu informacji na temat plik\u00f3w \u201ecookies\u201d stosowanych w witrynie jest r\u00f3wnoznaczne z wyra\u017ceniem zgody na stosowanie plik\u00f3w \u201ecookies\u201d w witrynach internetowych.<\/p>\n<p>Fundacja informuje, \u017ce ograniczenie stosowania plik\u00f3w \u201ecookies\u201d mo\u017ce wp\u0142yn\u0105\u0107 na niekt\u00f3re funkcjonalno\u015bci strony <a href=\"https:\/\/fundacjarodzin.pl\">https:\/\/fundacjarodzin.pl<\/a>. Wi\u0119cej informacji na temat plik\u00f3w \u201ecookies\u201d dost\u0119pnych jest w sekcji \u201ePomoc\u201d w menu przegl\u0105darki internetowej oraz pod adresami internetowymi najpopularniejszych przegl\u0105darek internetowych:<\/p>\n<p>\u2013 dla przegl\u0105darki Mozilla Firefox jest to adres: <a href=\"https:\/\/support.mozilla.org\/pl\/products\/firefox\">https:\/\/support.mozilla.org\/pl\/products\/firefox<\/a><br \/>\u2013 dla przegl\u0105darki Internet Explorer jest to adres: <a href=\"https:\/\/support.microsoft.com\/pl-pl\/products\/internet-explorer\">https:\/\/support.microsoft.com\/pl-pl\/products\/internet-explorer<\/a><br \/>\u2013 dla przegl\u0105darki Google Chrome jest to adres: <a href=\"https:\/\/support.google.com\/chrome\/bin\/answer.py\">https:\/\/support.google.com\/chrome\/bin\/answer.py<\/a><\/p>\n<p><b>Mechanizm statystyk<\/b><\/p>\n<p>Na stronie https:\/\/fundacjarodzin.pl zainstalowane jest oprogramowanie do tworzenia statystyk jego odwiedzalno\u015bci \u2013 Google Analytics, us\u0142ugi analizy ogl\u0105dalno\u015bci stron internetowych udost\u0119pnianej przez Google LLC z siedzib\u0105 w Stanach Zjednoczonych, 1600 Amphitheatre Parkway, Mountain View, CA 94043 (\u201eGoogle\u201d). Statystyki zbieraj\u0105 informacje o rozdzielczo\u015bci ekranu, g\u0142\u0119bi kolor\u00f3w, zainstalowanej wersji Flasha i JavaScriptu, fizycznym po\u0142o\u017ceniu u\u017cytkownik\u00f3w, plik\u00f3w \u201ecookies\u201d. Informacje generowane przez \u201ecookies\u201d na temat korzystania ze strony internetowej przez u\u017cytkownika (w\u0142\u0105cznie z jego adresem IP) s\u0105 przekazywane sp\u00f3\u0142ce Google, kt\u00f3ra przechowuje je na swoich serwerach. Google b\u0119dzie korzysta\u0142a z tych informacji w celu oceny korzystania ze strony internetowej przez u\u017cytkownika, tworzenia raport\u00f3w dotycz\u0105cych ruchu na stronach dla operator\u00f3w witryn oraz \u015bwiadczenia innych us\u0142ug zwi\u0105zanych z ruchem na stronach internetowych i korzystaniem z internetu. Google mo\u017ce r\u00f3wnie\u017c przekazywa\u0107 te informacje osobom trzecim, je\u017celi b\u0119dzie zobowi\u0105zana to uczyni\u0107 na podstawie przepis\u00f3w prawa lub w przypadku, gdy osoby te przetwarzaj\u0105 takie informacje w imieniu Google. U\u017cytkownik mo\u017ce zrezygnowa\u0107 z przekazywanie do Google informacji opisanych powy\u017cej poprzez wybranie odpowiednich ustawie\u0144 w przegl\u0105darce internetowej, jednak nale\u017cy pami\u0119ta\u0107, \u017ce w takim przypadku korzystanie z wszystkich funkcji strony internetowej <a href=\"https:\/\/fundacjarodzin.pl\">https:\/\/fundacjarodzin.pl<\/a> mo\u017ce okaza\u0107 si\u0119 utrudnione. Informacja o tym jak Google korzysta z plik\u00f3w \u201ecookies\u201d jest dost\u0119pna pod adresem: <a href=\"https:\/\/policies.google.com\/technologies\/cookies?hl=pl\">https:\/\/policies.google.com\/technologies\/cookies?hl=pl<\/a>, za\u015b pe\u0142na tre\u015b\u0107 polityki prywatno\u015bci stosowanej przez Google znajduje si\u0119 pod adresem: <a href=\"https:\/\/policies.google.com\/privacy?hl=pl\">https:\/\/policies.google.com\/privacy?hl=pl<\/a>.<\/p>\n<p><b>Pozosta\u0142e postanowienia<\/b><\/p>\n<p>Na zmiany w polityce prywatno\u015bci mo\u017ce wp\u0142yn\u0105\u0107 rozbudowa strony internetowej <a href=\"https:\/\/fundacjarodzin.pl\">https:\/\/fundacjarodzin.pl<\/a>, rozw\u00f3j technologii internetowej lub zmiany w zakresie ochrony danych. O wszystkich zmianach Fundacja b\u0119dzie informowa\u0142a na tej stronie internetowej. W razie dodatkowych pyta\u0144 prosimy o kontakt:<\/p>\n<p>Fundacja Rodzin Polskich im. \u015bw. Jana Paw\u0142a II <br \/>ul. Biskupa Teodora Kubiny 5<br \/>41-600 \u015awi\u0119toch\u0142owice<br \/>Tel. 32 793 64 98<br \/>E-mail: <a href=\"mailto:kontakt@fundacjarodzin.pl\">kontakt@fundacjarodzin.pl<\/a><\/p>\n<\/div><\/div><\/div><\/div><\/div><\/p>\n","protected":false},"excerpt":{"rendered":"","protected":false},"author":3,"featured_media":0,"parent":0,"menu_order":0,"comment_status":"closed","ping_status":"open","template":"100-width.php","meta":{"footnotes":""},"class_list":["post-3","page","type-page","status-publish","hentry"],"yoast_head":"<!-- This site is optimized with the Yoast SEO plugin v26.5 - https:\/\/yoast.com\/wordpress\/plugins\/seo\/ -->\n<title>Polityka prywatno\u015bci - Dom kt\u00f3ry stawia na nogi<\/title>\n<meta name=\"robots\" content=\"index, follow, max-snippet:-1, max-image-preview:large, max-video-preview:-1\" \/>\n<link rel=\"canonical\" href=\"http:\/\/fundacjarodzin.pl\/dom\/polityka-prywatnosci\/\" \/>\n<meta property=\"og:locale\" content=\"pl_PL\" \/>\n<meta property=\"og:type\" content=\"article\" \/>\n<meta property=\"og:title\" content=\"Polityka prywatno\u015bci - Dom kt\u00f3ry stawia na nogi\" \/>\n<meta property=\"og:url\" content=\"http:\/\/fundacjarodzin.pl\/dom\/polityka-prywatnosci\/\" \/>\n<meta property=\"og:site_name\" content=\"Dom kt\u00f3ry stawia na nogi\" \/>\n<meta property=\"article:modified_time\" content=\"2023-09-25T08:21:44+00:00\" \/>\n<meta name=\"twitter:card\" content=\"summary_large_image\" \/>\n<script type=\"application\/ld+json\" class=\"yoast-schema-graph\">{\"@context\":\"https:\/\/schema.org\",\"@graph\":[{\"@type\":\"WebPage\",\"@id\":\"http:\/\/fundacjarodzin.pl\/dom\/polityka-prywatnosci\/\",\"url\":\"http:\/\/fundacjarodzin.pl\/dom\/polityka-prywatnosci\/\",\"name\":\"Polityka prywatno\u015bci - Dom kt\u00f3ry stawia na nogi\",\"isPartOf\":{\"@id\":\"http:\/\/fundacjarodzin.pl\/dom\/#website\"},\"datePublished\":\"2022-08-12T08:38:08+00:00\",\"dateModified\":\"2023-09-25T08:21:44+00:00\",\"breadcrumb\":{\"@id\":\"http:\/\/fundacjarodzin.pl\/dom\/polityka-prywatnosci\/#breadcrumb\"},\"inLanguage\":\"pl-PL\",\"potentialAction\":[{\"@type\":\"ReadAction\",\"target\":[\"http:\/\/fundacjarodzin.pl\/dom\/polityka-prywatnosci\/\"]}]},{\"@type\":\"BreadcrumbList\",\"@id\":\"http:\/\/fundacjarodzin.pl\/dom\/polityka-prywatnosci\/#breadcrumb\",\"itemListElement\":[{\"@type\":\"ListItem\",\"position\":1,\"name\":\"Strona g\u0142\u00f3wna\",\"item\":\"https:\/\/fundacjarodzin.pl\/dom\/\"},{\"@type\":\"ListItem\",\"position\":2,\"name\":\"Polityka prywatno\u015bci\"}]},{\"@type\":\"WebSite\",\"@id\":\"http:\/\/fundacjarodzin.pl\/dom\/#website\",\"url\":\"http:\/\/fundacjarodzin.pl\/dom\/\",\"name\":\"Dom kt\u00f3ry stawia na nogi\",\"description\":\"Wesprzyj zbi\u00f3rk\u0119 na Dom, kt\u00f3ry stawia na nogi.\",\"potentialAction\":[{\"@type\":\"SearchAction\",\"target\":{\"@type\":\"EntryPoint\",\"urlTemplate\":\"http:\/\/fundacjarodzin.pl\/dom\/?s={search_term_string}\"},\"query-input\":{\"@type\":\"PropertyValueSpecification\",\"valueRequired\":true,\"valueName\":\"search_term_string\"}}],\"inLanguage\":\"pl-PL\"}]}<\/script>\n<!-- \/ Yoast SEO plugin. -->","yoast_head_json":{"title":"Polityka prywatno\u015bci - Dom kt\u00f3ry stawia na nogi","robots":{"index":"index","follow":"follow","max-snippet":"max-snippet:-1","max-image-preview":"max-image-preview:large","max-video-preview":"max-video-preview:-1"},"canonical":"http:\/\/fundacjarodzin.pl\/dom\/polityka-prywatnosci\/","og_locale":"pl_PL","og_type":"article","og_title":"Polityka prywatno\u015bci - Dom kt\u00f3ry stawia na nogi","og_url":"http:\/\/fundacjarodzin.pl\/dom\/polityka-prywatnosci\/","og_site_name":"Dom kt\u00f3ry stawia na nogi","article_modified_time":"2023-09-25T08:21:44+00:00","twitter_card":"summary_large_image","schema":{"@context":"https:\/\/schema.org","@graph":[{"@type":"WebPage","@id":"http:\/\/fundacjarodzin.pl\/dom\/polityka-prywatnosci\/","url":"http:\/\/fundacjarodzin.pl\/dom\/polityka-prywatnosci\/","name":"Polityka prywatno\u015bci - Dom kt\u00f3ry stawia na nogi","isPartOf":{"@id":"http:\/\/fundacjarodzin.pl\/dom\/#website"},"datePublished":"2022-08-12T08:38:08+00:00","dateModified":"2023-09-25T08:21:44+00:00","breadcrumb":{"@id":"http:\/\/fundacjarodzin.pl\/dom\/polityka-prywatnosci\/#breadcrumb"},"inLanguage":"pl-PL","potentialAction":[{"@type":"ReadAction","target":["http:\/\/fundacjarodzin.pl\/dom\/polityka-prywatnosci\/"]}]},{"@type":"BreadcrumbList","@id":"http:\/\/fundacjarodzin.pl\/dom\/polityka-prywatnosci\/#breadcrumb","itemListElement":[{"@type":"ListItem","position":1,"name":"Strona g\u0142\u00f3wna","item":"https:\/\/fundacjarodzin.pl\/dom\/"},{"@type":"ListItem","position":2,"name":"Polityka prywatno\u015bci"}]},{"@type":"WebSite","@id":"http:\/\/fundacjarodzin.pl\/dom\/#website","url":"http:\/\/fundacjarodzin.pl\/dom\/","name":"Dom kt\u00f3ry stawia na nogi","description":"Wesprzyj zbi\u00f3rk\u0119 na Dom, kt\u00f3ry stawia na nogi.","potentialAction":[{"@type":"SearchAction","target":{"@type":"EntryPoint","urlTemplate":"http:\/\/fundacjarodzin.pl\/dom\/?s={search_term_string}"},"query-input":{"@type":"PropertyValueSpecification","valueRequired":true,"valueName":"search_term_string"}}],"inLanguage":"pl-PL"}]}},"_links":{"self":[{"href":"http:\/\/fundacjarodzin.pl\/dom\/wp-json\/wp\/v2\/pages\/3","targetHints":{"allow":["GET"]}}],"collection":[{"href":"http:\/\/fundacjarodzin.pl\/dom\/wp-json\/wp\/v2\/pages"}],"about":[{"href":"http:\/\/fundacjarodzin.pl\/dom\/wp-json\/wp\/v2\/types\/page"}],"author":[{"embeddable":true,"href":"http:\/\/fundacjarodzin.pl\/dom\/wp-json\/wp\/v2\/users\/3"}],"replies":[{"embeddable":true,"href":"http:\/\/fundacjarodzin.pl\/dom\/wp-json\/wp\/v2\/comments?post=3"}],"version-history":[{"count":5,"href":"http:\/\/fundacjarodzin.pl\/dom\/wp-json\/wp\/v2\/pages\/3\/revisions"}],"predecessor-version":[{"id":318,"href":"http:\/\/fundacjarodzin.pl\/dom\/wp-json\/wp\/v2\/pages\/3\/revisions\/318"}],"wp:attachment":[{"href":"http:\/\/fundacjarodzin.pl\/dom\/wp-json\/wp\/v2\/media?parent=3"}],"curies":[{"name":"wp","href":"https:\/\/api.w.org\/{rel}","templated":true}]}}