{"id":187,"date":"2023-08-17T08:34:15","date_gmt":"2023-08-17T06:34:15","guid":{"rendered":"http:\/\/fundacjarodzin.pl\/dom\/?page_id=187"},"modified":"2023-08-17T08:38:11","modified_gmt":"2023-08-17T06:38:11","slug":"regulamin-wplat","status":"publish","type":"page","link":"http:\/\/fundacjarodzin.pl\/dom\/regulamin-wplat\/","title":{"rendered":"Regulamin wp\u0142at"},"content":{"rendered":"<p><div class=\"fusion-fullwidth fullwidth-box fusion-builder-row-1 fusion-flex-container has-pattern-background has-mask-background nonhundred-percent-fullwidth non-hundred-percent-height-scrolling\" style=\"--awb-border-radius-top-left:0px;--awb-border-radius-top-right:0px;--awb-border-radius-bottom-right:0px;--awb-border-radius-bottom-left:0px;--awb-min-height:50vh;--awb-background-color:var(--awb-color5);--awb-flex-wrap:wrap;\" ><div class=\"fusion-builder-row fusion-row fusion-flex-align-items-flex-start fusion-flex-content-wrap\" style=\"max-width:1248px;margin-left: calc(-4% \/ 2 );margin-right: calc(-4% \/ 2 );\"><div class=\"fusion-layout-column fusion_builder_column fusion-builder-column-0 fusion_builder_column_1_1 1_1 fusion-flex-column fusion-flex-align-self-stretch\" style=\"--awb-padding-top:120px;--awb-bg-size:cover;--awb-width-large:100%;--awb-margin-top-large:0px;--awb-spacing-right-large:1.92%;--awb-margin-bottom-large:20px;--awb-spacing-left-large:1.92%;--awb-width-medium:100%;--awb-order-medium:0;--awb-spacing-right-medium:1.92%;--awb-spacing-left-medium:1.92%;--awb-width-small:100%;--awb-order-small:0;--awb-spacing-right-small:1.92%;--awb-spacing-left-small:1.92%;\"><div class=\"fusion-column-wrapper fusion-column-has-shadow fusion-flex-justify-content-center fusion-content-layout-column\"><div class=\"fusion-title title fusion-title-1 fusion-sep-none fusion-title-center fusion-title-text fusion-title-size-one\" style=\"--awb-text-color:var(--awb-color1);\"><h1 class=\"fusion-title-heading title-heading-center fusion-responsive-typography-calculated\" style=\"margin:0;--fontSize:64;line-height:var(--awb-typography1-line-height);\">Regulamin wp\u0142at<\/h1><\/div><\/div><\/div><\/div><\/div><div class=\"fusion-fullwidth fullwidth-box fusion-builder-row-2 fusion-flex-container nonhundred-percent-fullwidth non-hundred-percent-height-scrolling\" style=\"--awb-border-radius-top-left:0px;--awb-border-radius-top-right:0px;--awb-border-radius-bottom-right:0px;--awb-border-radius-bottom-left:0px;--awb-padding-top:50px;--awb-padding-bottom:50px;--awb-flex-wrap:wrap;\" ><div class=\"fusion-builder-row fusion-row fusion-flex-align-items-flex-start fusion-flex-content-wrap\" style=\"max-width:1248px;margin-left: calc(-4% \/ 2 );margin-right: calc(-4% \/ 2 );\"><div class=\"fusion-layout-column fusion_builder_column fusion-builder-column-1 fusion_builder_column_1_1 1_1 fusion-flex-column\" style=\"--awb-bg-size:cover;--awb-width-large:100%;--awb-margin-top-large:0px;--awb-spacing-right-large:1.92%;--awb-margin-bottom-large:0px;--awb-spacing-left-large:1.92%;--awb-width-medium:100%;--awb-spacing-right-medium:1.92%;--awb-spacing-left-medium:1.92%;--awb-width-small:100%;--awb-spacing-right-small:1.92%;--awb-spacing-left-small:1.92%;\"><div class=\"fusion-column-wrapper fusion-flex-justify-content-flex-start fusion-content-layout-column\"><div class=\"fusion-text fusion-text-1\" style=\"--awb-content-alignment:left;\"><p><b>\u00a71.<br \/>Definicje<\/b><br \/>1. Portal \u2013 czyli strona internetowa wraz ze wszystkimi jej funkcjonalno\u015bciami.<br \/>2. Organizacja \u2013 Us\u0142ugodawca w rozumieniu ustawy z dnia 18 lipca 2002 o \u015bwiadczeniu us\u0142ug drog\u0105 elektroniczn\u0105, a wi\u0119c Fundacja Rodzin Polskich im. \u015aw. Jana Paw\u0142a II, KRS 0000386878, REGON: 241953348, NIP: 6272724057 przyjmuj\u0105ca darowizny z wykorzystaniem us\u0142ug Po\u015brednika us\u0142ug finansowych na rzecz cel\u00f3w statutowych.<br \/>3. Regulamin \u2013 niniejszy regulamin,<br \/>4. U\u017cytkownik \u2013 osoba fizyczna lub prawna, kt\u00f3ra korzysta z us\u0142ug oferowanych za po\u015brednictwem portalu lub dokonuj\u0105ca za jego po\u015brednictwem darowizny na rzecz Organizacji z wykorzystaniem us\u0142ug Po\u015brednika us\u0142ug finansowych (po dokonaniu Darowizny zwany \u201cDarczy\u0144c\u0105\u201d).<br \/>5. Po\u015brednik us\u0142ug finansowych \u2013 Tpay<br \/>6. Darowizna \u2013 \u015brodki pieni\u0119\u017cne przekazane przez U\u017cytkownika na okre\u015blone cele Organizacji.<br \/>7. Darczy\u0144ca \u2013 U\u017cytkownik, kt\u00f3ry dokona\u0142 Darowizny.<br \/><b><br \/>\u00a72.<br \/>Postanowienia og\u00f3lne<\/b><br \/>1. Portal s\u0142u\u017cy zbi\u00f3rce \u015brodk\u00f3w pieni\u0119\u017cnych na cele statutowe Organizacji oraz prowadzeniu komunikacji z Darczy\u0144cami i innymi U\u017cytkownikami.<br \/>2. U\u017cytkownik przed rozpocz\u0119ciem korzystania z Portalu ma obowi\u0105zek zapozna\u0107 si\u0119 z regulaminem, za\u015b korzystanie z Portalu jest r\u00f3wnoznaczne z akceptacj\u0105 tre\u015bci regulaminu.<br \/>3. U\u017cytkownik zobowi\u0105zany jest przestrzega\u0107 postanowie\u0144 Regulaminu.<br \/>4. Organizacja udost\u0119pnia U\u017cytkownikom regulamin przed zawarciem umowy o \u015bwiadczenie us\u0142ug drog\u0105 elektroniczn\u0105 (przez co rozumie si\u0119 udost\u0119pnienie mo\u017cliwo\u015bci korzystania z Portalu), poprzez umieszczenie go na stronie internetowej w taki spos\u00f3b, by ka\u017cdy mia\u0142 do niego dost\u0119p w wybranym przez siebie miejscu i czasie oraz m\u00f3g\u0142 go pobra\u0107 i zapisa\u0107 w wersji elektronicznej. Dost\u0119p do regulaminu mo\u017ce wymaga\u0107 od U\u017cytkownika posiadania sprz\u0119tu i oprogramowania o okre\u015blonych ustawieniach (np. oprogramowania do odczytu formatu doc., docx, pdf.)<br \/><b><br \/>\u00a73.<br \/>Darowizna<\/b><br \/>1. U\u017cytkownik przekazuj\u0105c Organizacji \u015brodki finansowe dokonuje darowizny, a wi\u0119c czynno\u015bci prawnej uregulowanej w art. 888 kodeksu cywilnego. Umowa ta polega na przekazaniu obdarowanej Organizacji bezp\u0142atnego \u015bwiadczenia pieni\u0119\u017cnego kosztem maj\u0105tku Darczy\u0144cy.<br \/>2. Dokonanie przelewu \u015brodk\u00f3w finansowych skutkuje wype\u0142nieniem przes\u0142anek art. 890 \u00a71 zd. drugie kodeksu cywilnego, co oznacza, \u017ce darowizna tych \u015brodk\u00f3w jest wa\u017cna i skuteczna mimo niezachowania formy aktu notarialnego przewidzianej w tym przepisie.<\/p>\n<p><b>\u00a74.<br \/>Wymagania techniczne<\/b><br \/>Dla skutecznego \u015bwiadczenia us\u0142ug za po\u015brednictwem Portalu U\u017cytkownik powinien spe\u0142ni\u0107 nast\u0119puj\u0105ce wymogi:<br \/>\u2022 posiadanie urz\u0105dzenia umo\u017cliwiaj\u0105cego dost\u0119p do internetu, posiadanie dost\u0119pu do internetu,<br \/>\u2022 korzystanie z przegl\u0105darki internetowej o ustawieniach umo\u017cliwiaj\u0105cych prawid\u0142owe wy\u015bwietlanie strony internetowej oraz akceptuj\u0105cej cookies<br \/>\u2022 posiadanie aktywnego adresu elektronicznego. Je\u017celi ze spe\u0142nieniem wymaga\u0144 technicznych, o kt\u00f3rych mowa w ust\u0119pie poprzedzaj\u0105cych wi\u0105\u017c\u0105 si\u0119 op\u0142aty, obci\u0105\u017caj\u0105 one U\u017cytkownika.<br \/><b><br \/>\u00a75.<br \/>Zawarcie umowy<\/b><br \/>1. Umowa zostaje zawarta z chwil\u0105 rozpocz\u0119cia korzystania z funkcjonalno\u015bci Portalu.<br \/>2. Dla wykonania umowy mo\u017ce by\u0107 potrzebne posiadanie przez U\u017cytkownika konta w serwisie Po\u015brednika us\u0142ug finansowych.<br \/>3. Zawarcie umowy jest dobrowolne.<br \/>4. Organizacja za po\u015brednictwem Portalu i na podstawie niniejszego regulaminu \u015bwiadczy us\u0142ug\u0119, kt\u00f3ra polega na umo\u017cliwieniu \u2013 przy wykorzystaniu Po\u015brednika us\u0142ug finansowych \u2013 przekazanie darowizny na rzecz Organizacji.<br \/>5. Organizacja nie pobiera prowizji ani op\u0142at dodatkowych od U\u017cytkownik\u00f3w, co nie wy\u0142\u0105cza mo\u017cliwo\u015bci pobierania ich przez Po\u015brednika us\u0142ug finansowych.<br \/><b><br \/>\u00a76.<br \/>Ostrze\u017cenie<\/b><br \/>Organizacja przestrzega przed zagro\u017ceniami, jakie wi\u0105\u017c\u0105 si\u0119 ze \u015bwiadczeniem us\u0142ug drog\u0105 elektroniczn\u0105, niestety, coraz cz\u0119\u015bciej stosowane w przest\u0119pczo\u015bci internetowej s\u0105 ataki na tego typu portale. Organizacja b\u0119dzie dok\u0142ada\u0142a wszelkich stara\u0144 dla ochrony U\u017cytkownik\u00f3w przed takimi atakami, jednak apeluje o ostro\u017cno\u015b\u0107, zdrowy rozs\u0105dek oraz prosi o zg\u0142aszanie wszelkich uwag i podejrze\u0144 dotycz\u0105cych bezpiecze\u0144stwa \u015bwiadczonych us\u0142ug.<br \/><b><br \/>\u00a77.<br \/>Ochrona danych osobowych<\/b><br \/>1. Administratorem danych osobowych U\u017cytkownik\u00f3w jest Organizacja. Przekazanie danych osobowych jest w pe\u0142ni dobrowolne, jednak niezb\u0119dne dla korzystania ze wszystkich funkcjonalno\u015bci Portalu, w tym zw\u0142aszcza dla realizacji darowizny.<br \/>2. W sprawach dotycz\u0105cych danych osobowych nale\u017cy kontaktowa\u0107 si\u0119 z Organizacj\u0105 za po\u015brednictwem adresu elektronicznego: kontakt@fundacjarodzin.pl. Dane osobowe przetwarzane s\u0105 w nast\u0119puj\u0105cych celach:<br \/>\u2022 obs\u0142uga procesu przekazywania darowizn,<br \/>\u2022 kontakt w celu informowania o post\u0119pach zbi\u00f3rki oraz przes\u0142ania podzi\u0119kowa\u0144 i niewslettera.<br \/>3. Podstaw\u0105 prawn\u0105 przetwarzania danych osobowych jest art. 6 ust. 1 lit b, lit. c oraz lit. f Rozporz\u0105dzenia Parlamentu Europejskiego i Rady (UE) 2016\/679 z dnia 27 kwietnia 2016 r. w sprawie ochrony os\u00f3b fizycznych w zwi\u0105zku z przetwarzaniem danych osobowych i w sprawie swobodnego przep\u0142ywu takich danych, kt\u00f3ry pozwala na przetwarzanie danych dla wykonania umowy lub podj\u0119cia dzia\u0142a\u0144 przed jej zawarciem na \u017c\u0105danie osoby, kt\u00f3rej dotycz\u0105 dane; a tak\u017ce w sytuacji, gdy administrator zobowi\u0105zany jest do wype\u0142nienia obowi\u0105zku prawnego, kt\u00f3ry na nim ci\u0105\u017cy, lub te\u017c stoi za tym uzasadniony interes administratora \u2013 za taki uznajemy budowanie relacji z U\u017cytkownikami poprzez rzetelne informowanie o post\u0119pach zbi\u00f3rki oraz przekazywanie podzi\u0119kowa\u0144, a tak\u017ce przechowywanie danych dla ochrony przed roszczeniami lub ich dochodzenia.<\/p>\n<p>Przetwarzaniu podlegaj\u0105 nast\u0119puj\u0105ce dane:<br \/>1. imi\u0119, nazwisko i adres elektroniczny U\u017cytkownika:<br \/>2. przekazane przez Serwis po\u015brednictwa finansowego Us\u0142ugodawcy w zwi\u0105zku z wp\u0142at\u0105 na rachunek Us\u0142ugodawcy kwoty Darowizny;<br \/>3. dane adresowe (je\u015bli U\u017cytkownik je przekaza\u0142).<br \/>4. Dane osobowe U\u017cytkownik\u00f3w mog\u0105 zosta\u0107 udost\u0119pnione innym podmiotom (w tym organizacjom mi\u0119dzynarodowym), lub przekazywane poza Europejski Obszar Gospodarczy.<br \/>5. Dane osobowe U\u017cytkownik\u00f3w b\u0119d\u0105 przechowywane przez okres 5 lat, mog\u0105 by\u0107 jednak przechowywane d\u0142u\u017cej, je\u017celi jest to uzasadnione dla ochrony przed roszczeniami.<br \/>6. U\u017cytkownik ma prawo dost\u0119pu do swoich danych osobowych, do sprostowania, usuni\u0119cia lub zmiany zakresu (ograniczenia) przetwarzania, a tak\u017ce wycofania zgody na ich przetwarzania. Wycofanie zgody oraz \u017c\u0105danie usuni\u0119cia danych mo\u017ce zosta\u0107 zg\u0142oszone pod adresem elektronicznym: kontakt@fundacjarodzin.pl<br \/>7. Wycofanie zgody oraz \u017c\u0105danie usuni\u0119cia danych oznacza rozwi\u0105zanie umowy o \u015bwiadczenie us\u0142ug elektronicznych zawartej mi\u0119dzy U\u017cytkownikiem a Organizacj\u0105. W razie z\u0142o\u017cenia \u017c\u0105dania usuni\u0119cia danych lub wycofania zgody ich na ich przetwarzanie Organizacja ma obowi\u0105zek niezw\u0142ocznie uczyni\u0107 zado\u015b\u0107 \u017c\u0105daniu.<br \/>8. Administrator nie b\u0119dzie przetwarza\u0142 danych w spos\u00f3b zautomatyzowany, ani prowadzi\u0142 profilowania.<br \/>9. U\u017cytkownikowi przys\u0142uguje prawo wniesienia skargi do organu nadzorczego, kt\u00f3rym jest Prezes Urz\u0119du Ochrony Danych, z siedzib\u0105: ul. Stawki 2, 00-193 Warszawa.<br \/><b><br \/>\u00a78.<br \/>Reklamacje<\/b><br \/>1. U\u017cytkownik ma prawo z\u0142o\u017cenia reklamacji pod adresem elektronicznym: kontakt@fundacjarodzin.pl<br \/>2. Organizacja nie p\u00f3\u017aniej ni\u017c w terminie 14 dni odniesie si\u0119 do reklamacji, odpowiadaj\u0105c na adres, z kt\u00f3rego wys\u0142ane zosta\u0142o zg\u0142oszenie reklamacyjne.<br \/><b><br \/>\u00a79.<br \/>Zmiany Regulaminu<\/b><br \/>1. Organizacja ma prawo dokonywa\u0107 zmian w regulaminie.<br \/>2. O zmianach regulaminu U\u017cytkownicy zostan\u0105 poinformowani co najmniej 14 dni przed wprowadzeniem zmian poprzez umieszczenie komunikatu na Portalu.<br \/><b><br \/>\u00a710.<br \/>Postanowienia ko\u0144cowe<\/b><br \/>Regulamin obowi\u0105zuje od dnia jego og\u0142oszenia na Portalu, z zastrze\u017ceniem \u00a79. Regulamin ma zapewni\u0107 harmonijn\u0105 wsp\u00f3\u0142prac\u0119 pomi\u0119dzy U\u017cytkownikami a Organizacj\u0105, dlatego ka\u017cdy U\u017cytkownik ma prawo zg\u0142asza\u0107 do niego uwagi i pytania, pod adres elektroniczny, o kt\u00f3rym mowa w \u00a71.<\/p>\n<\/div><\/div><\/div><\/div><\/div><\/p>\n","protected":false},"excerpt":{"rendered":"","protected":false},"author":3,"featured_media":0,"parent":0,"menu_order":0,"comment_status":"closed","ping_status":"closed","template":"100-width.php","meta":{"footnotes":""},"class_list":["post-187","page","type-page","status-publish","hentry"],"yoast_head":"<!-- This site is optimized with the Yoast SEO plugin v26.5 - https:\/\/yoast.com\/wordpress\/plugins\/seo\/ -->\n<title>Regulamin wp\u0142at - Dom kt\u00f3ry stawia na nogi<\/title>\n<meta name=\"robots\" content=\"index, follow, max-snippet:-1, max-image-preview:large, max-video-preview:-1\" \/>\n<link rel=\"canonical\" href=\"http:\/\/fundacjarodzin.pl\/dom\/regulamin-wplat\/\" \/>\n<meta property=\"og:locale\" content=\"pl_PL\" \/>\n<meta property=\"og:type\" content=\"article\" \/>\n<meta property=\"og:title\" content=\"Regulamin wp\u0142at - Dom kt\u00f3ry stawia na nogi\" \/>\n<meta property=\"og:url\" content=\"http:\/\/fundacjarodzin.pl\/dom\/regulamin-wplat\/\" \/>\n<meta property=\"og:site_name\" content=\"Dom kt\u00f3ry stawia na nogi\" \/>\n<meta property=\"article:modified_time\" content=\"2023-08-17T06:38:11+00:00\" \/>\n<meta name=\"twitter:card\" content=\"summary_large_image\" \/>\n<script type=\"application\/ld+json\" class=\"yoast-schema-graph\">{\"@context\":\"https:\/\/schema.org\",\"@graph\":[{\"@type\":\"WebPage\",\"@id\":\"http:\/\/fundacjarodzin.pl\/dom\/regulamin-wplat\/\",\"url\":\"http:\/\/fundacjarodzin.pl\/dom\/regulamin-wplat\/\",\"name\":\"Regulamin wp\u0142at - Dom kt\u00f3ry stawia na nogi\",\"isPartOf\":{\"@id\":\"http:\/\/fundacjarodzin.pl\/dom\/#website\"},\"datePublished\":\"2023-08-17T06:34:15+00:00\",\"dateModified\":\"2023-08-17T06:38:11+00:00\",\"breadcrumb\":{\"@id\":\"http:\/\/fundacjarodzin.pl\/dom\/regulamin-wplat\/#breadcrumb\"},\"inLanguage\":\"pl-PL\",\"potentialAction\":[{\"@type\":\"ReadAction\",\"target\":[\"http:\/\/fundacjarodzin.pl\/dom\/regulamin-wplat\/\"]}]},{\"@type\":\"BreadcrumbList\",\"@id\":\"http:\/\/fundacjarodzin.pl\/dom\/regulamin-wplat\/#breadcrumb\",\"itemListElement\":[{\"@type\":\"ListItem\",\"position\":1,\"name\":\"Strona g\u0142\u00f3wna\",\"item\":\"https:\/\/fundacjarodzin.pl\/dom\/\"},{\"@type\":\"ListItem\",\"position\":2,\"name\":\"Regulamin wp\u0142at\"}]},{\"@type\":\"WebSite\",\"@id\":\"http:\/\/fundacjarodzin.pl\/dom\/#website\",\"url\":\"http:\/\/fundacjarodzin.pl\/dom\/\",\"name\":\"Dom kt\u00f3ry stawia na nogi\",\"description\":\"Wesprzyj zbi\u00f3rk\u0119 na Dom, kt\u00f3ry stawia na nogi.\",\"potentialAction\":[{\"@type\":\"SearchAction\",\"target\":{\"@type\":\"EntryPoint\",\"urlTemplate\":\"http:\/\/fundacjarodzin.pl\/dom\/?s={search_term_string}\"},\"query-input\":{\"@type\":\"PropertyValueSpecification\",\"valueRequired\":true,\"valueName\":\"search_term_string\"}}],\"inLanguage\":\"pl-PL\"}]}<\/script>\n<!-- \/ Yoast SEO plugin. -->","yoast_head_json":{"title":"Regulamin wp\u0142at - Dom kt\u00f3ry stawia na nogi","robots":{"index":"index","follow":"follow","max-snippet":"max-snippet:-1","max-image-preview":"max-image-preview:large","max-video-preview":"max-video-preview:-1"},"canonical":"http:\/\/fundacjarodzin.pl\/dom\/regulamin-wplat\/","og_locale":"pl_PL","og_type":"article","og_title":"Regulamin wp\u0142at - Dom kt\u00f3ry stawia na nogi","og_url":"http:\/\/fundacjarodzin.pl\/dom\/regulamin-wplat\/","og_site_name":"Dom kt\u00f3ry stawia na nogi","article_modified_time":"2023-08-17T06:38:11+00:00","twitter_card":"summary_large_image","schema":{"@context":"https:\/\/schema.org","@graph":[{"@type":"WebPage","@id":"http:\/\/fundacjarodzin.pl\/dom\/regulamin-wplat\/","url":"http:\/\/fundacjarodzin.pl\/dom\/regulamin-wplat\/","name":"Regulamin wp\u0142at - Dom kt\u00f3ry stawia na nogi","isPartOf":{"@id":"http:\/\/fundacjarodzin.pl\/dom\/#website"},"datePublished":"2023-08-17T06:34:15+00:00","dateModified":"2023-08-17T06:38:11+00:00","breadcrumb":{"@id":"http:\/\/fundacjarodzin.pl\/dom\/regulamin-wplat\/#breadcrumb"},"inLanguage":"pl-PL","potentialAction":[{"@type":"ReadAction","target":["http:\/\/fundacjarodzin.pl\/dom\/regulamin-wplat\/"]}]},{"@type":"BreadcrumbList","@id":"http:\/\/fundacjarodzin.pl\/dom\/regulamin-wplat\/#breadcrumb","itemListElement":[{"@type":"ListItem","position":1,"name":"Strona g\u0142\u00f3wna","item":"https:\/\/fundacjarodzin.pl\/dom\/"},{"@type":"ListItem","position":2,"name":"Regulamin wp\u0142at"}]},{"@type":"WebSite","@id":"http:\/\/fundacjarodzin.pl\/dom\/#website","url":"http:\/\/fundacjarodzin.pl\/dom\/","name":"Dom kt\u00f3ry stawia na nogi","description":"Wesprzyj zbi\u00f3rk\u0119 na Dom, kt\u00f3ry stawia na nogi.","potentialAction":[{"@type":"SearchAction","target":{"@type":"EntryPoint","urlTemplate":"http:\/\/fundacjarodzin.pl\/dom\/?s={search_term_string}"},"query-input":{"@type":"PropertyValueSpecification","valueRequired":true,"valueName":"search_term_string"}}],"inLanguage":"pl-PL"}]}},"_links":{"self":[{"href":"http:\/\/fundacjarodzin.pl\/dom\/wp-json\/wp\/v2\/pages\/187","targetHints":{"allow":["GET"]}}],"collection":[{"href":"http:\/\/fundacjarodzin.pl\/dom\/wp-json\/wp\/v2\/pages"}],"about":[{"href":"http:\/\/fundacjarodzin.pl\/dom\/wp-json\/wp\/v2\/types\/page"}],"author":[{"embeddable":true,"href":"http:\/\/fundacjarodzin.pl\/dom\/wp-json\/wp\/v2\/users\/3"}],"replies":[{"embeddable":true,"href":"http:\/\/fundacjarodzin.pl\/dom\/wp-json\/wp\/v2\/comments?post=187"}],"version-history":[{"count":8,"href":"http:\/\/fundacjarodzin.pl\/dom\/wp-json\/wp\/v2\/pages\/187\/revisions"}],"predecessor-version":[{"id":195,"href":"http:\/\/fundacjarodzin.pl\/dom\/wp-json\/wp\/v2\/pages\/187\/revisions\/195"}],"wp:attachment":[{"href":"http:\/\/fundacjarodzin.pl\/dom\/wp-json\/wp\/v2\/media?parent=187"}],"curies":[{"name":"wp","href":"https:\/\/api.w.org\/{rel}","templated":true}]}}